{"id":20,"date":"2020-10-20T09:16:48","date_gmt":"2020-10-20T07:16:48","guid":{"rendered":"https:\/\/inezosprutorna.se\/?page_id=20"},"modified":"2020-10-20T09:16:48","modified_gmt":"2020-10-20T07:16:48","slug":"kontakt","status":"publish","type":"page","link":"https:\/\/inezosprutorna.se\/index.php\/kontakt\/","title":{"rendered":"kontakt"},"content":{"rendered":"\n<p>Detta \u00e4r en sida med viss grundl\u00e4ggande kontaktinformation, s\u00e5som adress och telefonnummer. Du kan \u00e4ven prova n\u00e5got till\u00e4gg f\u00f6r att l\u00e4gga till ett kontaktformul\u00e4r.<\/p>\n","protected":false},"excerpt":{"rendered":"<p>Detta \u00e4r en sida med viss grundl\u00e4ggande kontaktinformation, s\u00e5som adress och telefonnummer. Du kan \u00e4ven prova n\u00e5got till\u00e4gg f\u00f6r att l\u00e4gga till ett kontaktformul\u00e4r.<\/p>\n","protected":false},"author":2,"featured_media":15,"parent":0,"menu_order":0,"comment_status":"closed","ping_status":"closed","template":"","meta":[],"_links":{"self":[{"href":"https:\/\/inezosprutorna.se\/index.php\/wp-json\/wp\/v2\/pages\/20"}],"collection":[{"href":"https:\/\/inezosprutorna.se\/index.php\/wp-json\/wp\/v2\/pages"}],"about":[{"href":"https:\/\/inezosprutorna.se\/index.php\/wp-json\/wp\/v2\/types\/page"}],"author":[{"embeddable":true,"href":"https:\/\/inezosprutorna.se\/index.php\/wp-json\/wp\/v2\/users\/2"}],"replies":[{"embeddable":true,"href":"https:\/\/inezosprutorna.se\/index.php\/wp-json\/wp\/v2\/comments?post=20"}],"version-history":[{"count":1,"href":"https:\/\/inezosprutorna.se\/index.php\/wp-json\/wp\/v2\/pages\/20\/revisions"}],"predecessor-version":[{"id":28,"href":"https:\/\/inezosprutorna.se\/index.php\/wp-json\/wp\/v2\/pages\/20\/revisions\/28"}],"wp:featuredmedia":[{"embeddable":true,"href":"https:\/\/inezosprutorna.se\/index.php\/wp-json\/wp\/v2\/media\/15"}],"wp:attachment":[{"href":"https:\/\/inezosprutorna.se\/index.php\/wp-json\/wp\/v2\/media?parent=20"}],"curies":[{"name":"wp","href":"https:\/\/api.w.org\/{rel}","templated":true}]}}